{"id":436,"date":"2023-02-01T14:07:37","date_gmt":"2023-02-01T14:07:37","guid":{"rendered":"https:\/\/oak.clinic\/mentions-legales\/"},"modified":"2023-04-01T18:59:22","modified_gmt":"2023-04-01T18:59:22","slug":"mentions-legales","status":"publish","type":"page","link":"https:\/\/oak.clinic\/en\/mentions-legales\/","title":{"rendered":"Mentions l\u00e9gales"},"content":{"rendered":"\n<h2 class=\"wp-block-heading\">Pr\u00e9sentation du site<\/h2>\n\n\n\n<p>En vertu de l&#8217;article 6 de la loi n\u00b0 2004-575 du 21 juin 2004 pour la confiance dans l&#8217;\u00e9conomie<br>num\u00e9rique, il est pr\u00e9cis\u00e9 aux utilisateurs du site l&#8217;identit\u00e9 des diff\u00e9rents intervenants dans le<br>cadre de sa r\u00e9alisation et de son suivi :<\/p>\n\n\n\n<ul class=\"wp-block-list\">\n<li>Propri\u00e9taire : OAK <\/li>\n\n\n\n<li>Webdesign : Agence <a href=\"https:\/\/www.eliott-markus.com\/new\/\" target=\"_blank\" rel=\"noreferrer noopener\">eliott &amp; markus<\/a><\/li>\n\n\n\n<li>Responsable publication : Clarisse Chagnon<\/li>\n\n\n\n<li>Webmaster : Agence <a href=\"https:\/\/www.eliott-markus.com\/new\/\" target=\"_blank\" rel=\"noreferrer noopener\">eliott &amp; markus<\/a><\/li>\n\n\n\n<li>H\u00e9bergeur : <br>OVH, SAS au capital social de 10 069 020 \u20ac, ayant son si\u00e8ge social au 2 rue Kellermann \u2013 59100 Roubaix \u2013 France<br>RCS Lille M\u00e9tropole 424 761 419 00045<br>Code APE 2620Z<br>N\u00b0 TVA : FR 22 424 761 419<\/li>\n<\/ul>\n\n\n\n<h2 class=\"wp-block-heading\">Conditions g\u00e9n\u00e9rales d\u2019utilisation du site et des services propos\u00e9s<\/h2>\n\n\n\n<p>L\u2019utilisation du site <a href=\"https:\/\/oak.clinic\/en\/\" target=\"_blank\" rel=\"noreferrer noopener\">https:\/\/oak.clinic\/<\/a> implique l\u2019acceptation pleine et enti\u00e8re des conditions<br>g\u00e9n\u00e9rales d\u2019utilisation ci-apr\u00e8s d\u00e9crites. Ces conditions d\u2019utilisation sont susceptibles d\u2019\u00eatre<br>modifi\u00e9es ou compl\u00e9t\u00e9es \u00e0 tout moment, les utilisateurs du site<a href=\"https:\/\/oak.clinic\/en\/\" target=\"_blank\" rel=\"noreferrer noopener\"> https:\/\/oak.clinic\/<\/a> sont donc invit\u00e9s \u00e0<br>les consulter de mani\u00e8re r\u00e9guli\u00e8re. <\/p>\n\n\n\n<p>Ce site est normalement accessible \u00e0 tout moment aux utilisateurs. Une interruption pour<br>raison de maintenance technique peut \u00eatre toutefois d\u00e9cid\u00e9e par OAK, qui<br>s\u2019efforcera alors de communiquer pr\u00e9alablement aux utilisateurs les dates et heures de<br>l\u2019intervention.<\/p>\n\n\n\n<p>Le site <a href=\"https:\/\/oak.clinic\/en\/\">https:\/\/oak.clinic\/<\/a> est mis \u00e0 jour r\u00e9guli\u00e8rement par Clarisse Chagnon. De la<br>m\u00eame fa\u00e7on, les mentions l\u00e9gales peuvent \u00eatre modifi\u00e9es \u00e0 tout moment : elles s\u2019imposent<br>n\u00e9anmoins \u00e0 l\u2019utilisateur qui est invit\u00e9 \u00e0 s\u2019y r\u00e9f\u00e9rer le plus souvent possible afin d\u2019en prendre<br>connaissance.<\/p>\n\n\n\n<h2 class=\"wp-block-heading\">Description des services fournis<\/h2>\n\n\n\n<p>Le site <a href=\"https:\/\/oak.clinic\/en\/\" target=\"_blank\" rel=\"noreferrer noopener\">https:\/\/oak.clinic\/<\/a> a pour objet de fournir une information concernant l\u2019ensemble des activit\u00e9s<br>de la soci\u00e9t\u00e9.<\/p>\n\n\n\n<p>Clarisse Chagnon s\u2019efforce de fournir sur le site <a href=\"https:\/\/oak.clinic\/en\/\" target=\"_blank\" rel=\"noreferrer noopener\">https:\/\/oak.clinic\/<\/a> des informations aussi pr\u00e9cises que<br>possible. Toutefois, elle ne pourra \u00eatre tenue responsable des omissions, des inexactitudes et des<br>carences dans la mise \u00e0 jour, qu\u2019elles soient de son fait ou du fait des tiers partenaires qui lui<br>fournissent ces informations.<\/p>\n\n\n\n<p>Toutes les informations indiqu\u00e9es sur le site <a href=\"https:\/\/oak.clinic\/en\/\" target=\"_blank\" rel=\"noreferrer noopener\">https:\/\/oak.clinic\/<\/a> sont donn\u00e9es \u00e0 titre indicatif, et sont<br>susceptibles d\u2019\u00e9voluer. Par ailleurs, les renseignements figurant sur le site <a href=\"https:\/\/oak.clinic\/en\/\" target=\"_blank\" rel=\"noreferrer noopener\">https:\/\/oak.clinic\/<\/a> ne sont pas<br>exhaustifs. Ils sont donn\u00e9s sous r\u00e9serve de modifications ayant \u00e9t\u00e9 apport\u00e9es depuis leur mise<br>en ligne.<\/p>\n\n\n\n<h2 class=\"wp-block-heading\">Limitations contractuelles sur les donn\u00e9es techniques<\/h2>\n\n\n\n<p>Le site utilise la technologie WordPress.<\/p>\n\n\n\n<p>Le site Internet ne pourra \u00eatre tenu responsable de dommages mat\u00e9riels li\u00e9s \u00e0 l\u2019utilisation du<br>site. De plus, l\u2019utilisateur du site s\u2019engage \u00e0 acc\u00e9der au site en utilisant un mat\u00e9riel r\u00e9cent, ne<br>contenant pas de virus et avec un navigateur de derni\u00e8re g\u00e9n\u00e9ration mis-\u00e0-jour<\/p>\n\n\n\n<h2 class=\"wp-block-heading\">Propri\u00e9t\u00e9 intellectuelle et contrefa\u00e7ons<\/h2>\n\n\n\n<p>OAK est propri\u00e9taire des droits de propri\u00e9t\u00e9 intellectuelle ou d\u00e9tient les droits<br>d\u2019usage sur tous les \u00e9l\u00e9ments accessibles sur le site, notamment les textes, images,<br>graphismes, logo, ic\u00f4nes, sons, logiciels.<\/p>\n\n\n\n<p>Toute reproduction, repr\u00e9sentation, modification, publication, adaptation de tout ou partie des<br>\u00e9l\u00e9ments du site, quel que soit le moyen ou le proc\u00e9d\u00e9 utilis\u00e9, est interdite, sauf autorisation<br>\u00e9crite pr\u00e9alable de&nbsp;: OAK.<\/p>\n\n\n\n<p>Toute exploitation non autoris\u00e9e du site ou de l\u2019un quelconque des \u00e9l\u00e9ments qu\u2019il contient<br>sera consid\u00e9r\u00e9e comme constitutive d\u2019une contrefa\u00e7on et poursuivie conform\u00e9ment aux<br>dispositions des articles L.335-2 et suivants du Code de Propri\u00e9t\u00e9 Intellectuelle.<\/p>\n\n\n\n<h2 class=\"wp-block-heading\">Limitations de responsabilit\u00e9<\/h2>\n\n\n\n<p>OAK ne pourra \u00eatre tenue responsable des dommages directs et indirects caus\u00e9s au<br>mat\u00e9riel de l\u2019utilisateur, lors de l\u2019acc\u00e8s au site <a href=\"https:\/\/oak.clinic\/en\/\" target=\"_blank\" rel=\"noreferrer noopener\">https:\/\/oak.clinic\/<\/a>, et r\u00e9sultant soit de l\u2019utilisation d\u2019un<br>mat\u00e9riel ne r\u00e9pondant pas aux sp\u00e9cifications indiqu\u00e9es au point 4, soit de l\u2019apparition d\u2019un<br>bug ou d\u2019une incompatibilit\u00e9.<\/p>\n\n\n\n<p>OAK ne pourra \u00e9galement \u00eatre tenue responsable des dommages indirects (tels par<br>exemple qu\u2019une perte de march\u00e9 ou perte d\u2019une chance) cons\u00e9cutifs \u00e0 l\u2019utilisation du site<br><a href=\"https:\/\/oak.clinic\/en\/\" target=\"_blank\" rel=\"noreferrer noopener\">https:\/\/oak.clinic\/<\/a>.<\/p>\n\n\n\n<h2 class=\"wp-block-heading\">Gestion des donn\u00e9es personnelles<\/h2>\n\n\n\n<p>En France, les donn\u00e9es personnelles sont notamment prot\u00e9g\u00e9es par la loi n\u00b0 78-87 du 6<br>janvier 1978, la loi n\u00b0 2004-801 du 6 ao\u00fbt 2004, l&#8217;article L. 226-13 du Code p\u00e9nal et la<br>Directive Europ\u00e9enne du 24 octobre 1995.<\/p>\n\n\n\n<p>A l&#8217;occasion de l&#8217;utilisation du site <a href=\"https:\/\/oak.clinic\/en\/\" target=\"_blank\" rel=\"noreferrer noopener\">https:\/\/oak.clinic\/<\/a>, peuvent \u00eatre recueillies : l&#8217;URL des liens par<br>l&#8217;interm\u00e9diaire desquels l&#8217;utilisateur a acc\u00e9d\u00e9 au site <a href=\"https:\/\/oak.clinic\/en\/\" target=\"_blank\" rel=\"noreferrer noopener\">https:\/\/oak.clinic\/<\/a>, le fournisseur d&#8217;acc\u00e8s de l&#8217;utilisateur, l&#8217;adresse de protocole Internet (IP) de l&#8217;utilisateur.<br>En tout \u00e9tat de cause OAK ne collecte des informations personnelles relatives \u00e0<br>l&#8217;utilisateur que pour le besoin de certains services propos\u00e9s par le site <a href=\"https:\/\/oak.clinic\/en\/\"><\/a><a href=\"https:\/\/oak.clinic\/en\/\" target=\"_blank\" rel=\"noreferrer noopener\">https:\/\/oak.clinic\/<\/a>.<\/p>\n\n\n\n<p>L&#8217;utilisateur fournit ces informations en toute connaissance de cause, notamment lorsqu&#8217;il<br>proc\u00e8de par lui-m\u00eame \u00e0 leur saisie. Il est alors pr\u00e9cis\u00e9 \u00e0 l&#8217;utilisateur du site <a href=\"https:\/\/oak.clinic\/en\/\" target=\"_blank\" rel=\"noreferrer noopener\">https:\/\/oak.clinic\/<\/a> l\u2019obligation ou non de fournir ces informations.<\/p>\n\n\n\n<h2 class=\"wp-block-heading\">D\u00e9signation du CIL et droit d\u2019acc\u00e8s<\/h2>\n\n\n\n<p>Le site n&#8217;est pas d\u00e9clar\u00e9 \u00e0 la CNIL car il ne recueille pas d&#8217;informations personnelles.<br>Les bases de donn\u00e9es sont prot\u00e9g\u00e9es par les dispositions de la loi du 1er juillet 1998<br>transposant la directive 96\/9 du 11 mars 1996 relative \u00e0 la protection juridique des bases de<br>donn\u00e9es.<\/p>\n\n\n\n<h2 class=\"wp-block-heading\">Liens hypertextes et cookies<\/h2>\n\n\n\n<p>Le site <a href=\"https:\/\/oak.clinic\/en\/\" target=\"_blank\" rel=\"noreferrer noopener\">https:\/\/oak.clinic\/<\/a> contient un certain nombre de liens hypertextes vers d\u2019autres sites, mis en<br>place avec l\u2019autorisation de OAK. Cependant, OAK n\u2019a pas la possibilit\u00e9 de v\u00e9rifier le contenu des sites ainsi visit\u00e9s, et n\u2019assumera en cons\u00e9quence aucune responsabilit\u00e9 de ce fait.<\/p>\n\n\n\n<p>La navigation sur le site <a href=\"https:\/\/oak.clinic\/en\/\" target=\"_blank\" rel=\"noreferrer noopener\">https:\/\/oak.clinic\/<\/a> est susceptible de provoquer l\u2019installation de cookie(s) sur<br>l\u2019ordinateur de l\u2019utilisateur. Un cookie est un fichier de petite taille, qui ne permet pas l\u2019identification de l\u2019utilisateur, mais qui enregistre des informations relatives \u00e0 la navigation d\u2019un ordinateur sur un site. Les donn\u00e9es ainsi obtenues visent \u00e0 faciliter la navigation ult\u00e9rieure sur le site, et ont \u00e9galement vocation \u00e0 permettre diverses mesures de fr\u00e9quentation. Le refus d\u2019installation d\u2019un cookie peut entra\u00eener l\u2019impossibilit\u00e9 d\u2019acc\u00e9der \u00e0 certains services.<\/p>\n\n\n\n<p>L\u2019utilisateur peut toutefois configurer son ordinateur de la mani\u00e8re suivante, pour refuser<br>l\u2019installation des cookies :<\/p>\n\n\n\n<ul class=\"wp-block-list\">\n<li>Sous Internet Explorer : onglet outil (pictogramme en forme de rouage en haut a droite) \/ options internet. Cliquez sur Confidentialit\u00e9 et choisissez Bloquer tous les cookies. Validez sur Ok.<\/li>\n\n\n\n<li>Sous Firefox : en haut de la fen\u00eatre du navigateur, cliquez sur le bouton Firefox, puis aller<br>dans l&#8217;onglet Options. Cliquer sur l&#8217;onglet Vie priv\u00e9e. Param\u00e9trez les R\u00e8gles de conservation sur : utiliser les param\u00e8tres personnalis\u00e9s pour l&#8217;historique. Enfin d\u00e9cochez-la pour d\u00e9sactiver les cookies.<\/li>\n\n\n\n<li>Sous Safari : Cliquez en haut \u00e0 droite du navigateur sur le pictogramme de menu (symbolis\u00e9<br>par un rouage). S\u00e9lectionnez Param\u00e8tres. Cliquez sur Afficher les param\u00e8tres avanc\u00e9s. Dans<br>la section &#8220;Confidentialit\u00e9&#8221;, cliquez sur Param\u00e8tres de contenu. Dans la section &#8220;Cookies&#8221;,<br>vous pouvez bloquer les cookies.<\/li>\n\n\n\n<li>Sous Chrome : Cliquez en haut \u00e0 droite du navigateur sur le pictogramme de menu (symbolis\u00e9<br>par trois lignes horizontales). S\u00e9lectionnez Param\u00e8tres. Cliquez sur Afficher les param\u00e8tres<br>avanc\u00e9s. Dans la section &#8220;Confidentialit\u00e9&#8221;, cliquez sur pr\u00e9f\u00e9rences. Dans l&#8217;onglet<br>&#8220;Confidentialit\u00e9&#8221;, vous pouvez bloquer les cookies.<\/li>\n<\/ul>\n\n\n\n<h2 class=\"wp-block-heading\">Droit applicable et attribution de juridiction<\/h2>\n\n\n\n<p>Tout litige en relation avec l\u2019utilisation du site <a href=\"https:\/\/oak.clinic\/en\/\" target=\"_blank\" rel=\"noreferrer noopener\">https:\/\/oak.clinic\/<\/a> est soumis au droit fran\u00e7ais. Il est<br>fait attribution exclusive de juridiction aux tribunaux comp\u00e9tents de Paris.<\/p>\n\n\n\n<p><strong>Les principales lois concern\u00e9es :<\/strong><\/p>\n\n\n\n<ul class=\"wp-block-list\">\n<li>Loi n\u00b0 78-17 du 6 janvier 1978, notamment modifi\u00e9e par la loi n\u00b0 2004-801 du 6 ao\u00fbt 2004 relative \u00e0 l&#8217;informatique, aux fichiers et aux libert\u00e9s.<\/li>\n\n\n\n<li>Loi n\u00b0 2004-575 du 21 juin 2004 pour la confiance dans l&#8217;\u00e9conomie num\u00e9rique.<\/li>\n<\/ul>\n\n\n\n<h2 class=\"wp-block-heading\">Lexique<\/h2>\n\n\n\n<ul class=\"wp-block-list\">\n<li>Utilisateur : Internaute se connectant, utilisant le site susnomm\u00e9.<\/li>\n\n\n\n<li>Informations personnelles : \u00ab les informations qui permettent, sous quelque forme que ce soit,<br>directement ou non, l&#8217;identification des personnes physiques auxquelles elles s&#8217;appliquent \u00bb<br>(article 4 de la loi n\u00b0 78-17 du 6 janvier 1978).<\/li>\n<\/ul>\n","protected":false},"excerpt":{"rendered":"<p>Pr\u00e9sentation du site En vertu de l&#8217;article 6 de la loi n\u00b0 2004-575 du 21 juin 2004 pour la confiance dans l&#8217;\u00e9conomienum\u00e9rique, il est pr\u00e9cis\u00e9 aux utilisateurs du site l&#8217;identit\u00e9 des diff\u00e9rents intervenants dans lecadre de sa r\u00e9alisation et de son suivi : Conditions g\u00e9n\u00e9rales d\u2019utilisation du site et des services propos\u00e9s L\u2019utilisation du site [&hellip;]<\/p>\n","protected":false},"author":1,"featured_media":0,"parent":0,"menu_order":15,"comment_status":"closed","ping_status":"closed","template":"pages\/privacy.php","meta":{"footnotes":""},"class_list":["post-436","page","type-page","status-publish","hentry"],"acf":[],"yoast_head":"<!-- This site is optimized with the Yoast SEO plugin v20.4 - https:\/\/yoast.com\/wordpress\/plugins\/seo\/ -->\n<title>Mentions l\u00e9gales - oak clinic<\/title>\n<meta name=\"robots\" content=\"noindex, nofollow\" \/>\n<meta property=\"og:locale\" content=\"en_US\" \/>\n<meta property=\"og:type\" content=\"article\" \/>\n<meta property=\"og:title\" content=\"Mentions l\u00e9gales - oak clinic\" \/>\n<meta property=\"og:description\" content=\"Pr\u00e9sentation du site En vertu de l&#8217;article 6 de la loi n\u00b0 2004-575 du 21 juin 2004 pour la confiance dans l&#8217;\u00e9conomienum\u00e9rique, il est pr\u00e9cis\u00e9 aux utilisateurs du site l&#8217;identit\u00e9 des diff\u00e9rents intervenants dans lecadre de sa r\u00e9alisation et de son suivi : Conditions g\u00e9n\u00e9rales d\u2019utilisation du site et des services propos\u00e9s L\u2019utilisation du site [&hellip;]\" \/>\n<meta property=\"og:url\" content=\"https:\/\/oak.clinic\/en\/mentions-legales\/\" \/>\n<meta property=\"og:site_name\" content=\"oak clinic\" \/>\n<meta property=\"article:modified_time\" content=\"2023-04-01T18:59:22+00:00\" \/>\n<meta name=\"twitter:card\" content=\"summary_large_image\" \/>\n<meta name=\"twitter:label1\" content=\"Est. reading time\" \/>\n\t<meta name=\"twitter:data1\" content=\"2 minutes\" \/>\n<script type=\"application\/ld+json\" class=\"yoast-schema-graph\">{\"@context\":\"https:\/\/schema.org\",\"@graph\":[{\"@type\":\"WebPage\",\"@id\":\"https:\/\/oak.clinic\/en\/mentions-legales\/\",\"url\":\"https:\/\/oak.clinic\/en\/mentions-legales\/\",\"name\":\"Mentions l\u00e9gales - oak clinic\",\"isPartOf\":{\"@id\":\"https:\/\/oak.clinic\/#website\"},\"datePublished\":\"2023-02-01T14:07:37+00:00\",\"dateModified\":\"2023-04-01T18:59:22+00:00\",\"inLanguage\":\"en-US\",\"potentialAction\":[{\"@type\":\"ReadAction\",\"target\":[\"https:\/\/oak.clinic\/en\/mentions-legales\/\"]}]},{\"@type\":\"WebSite\",\"@id\":\"https:\/\/oak.clinic\/#website\",\"url\":\"https:\/\/oak.clinic\/\",\"name\":\"oak clinic\",\"description\":\"\",\"potentialAction\":[{\"@type\":\"SearchAction\",\"target\":{\"@type\":\"EntryPoint\",\"urlTemplate\":\"https:\/\/oak.clinic\/?s={search_term_string}\"},\"query-input\":\"required name=search_term_string\"}],\"inLanguage\":\"en-US\"}]}<\/script>\n<!-- \/ Yoast SEO plugin. -->","yoast_head_json":{"title":"Mentions l\u00e9gales - oak clinic","robots":{"index":"noindex","follow":"nofollow"},"og_locale":"en_US","og_type":"article","og_title":"Mentions l\u00e9gales - oak clinic","og_description":"Pr\u00e9sentation du site En vertu de l&#8217;article 6 de la loi n\u00b0 2004-575 du 21 juin 2004 pour la confiance dans l&#8217;\u00e9conomienum\u00e9rique, il est pr\u00e9cis\u00e9 aux utilisateurs du site l&#8217;identit\u00e9 des diff\u00e9rents intervenants dans lecadre de sa r\u00e9alisation et de son suivi : Conditions g\u00e9n\u00e9rales d\u2019utilisation du site et des services propos\u00e9s L\u2019utilisation du site [&hellip;]","og_url":"https:\/\/oak.clinic\/en\/mentions-legales\/","og_site_name":"oak clinic","article_modified_time":"2023-04-01T18:59:22+00:00","twitter_card":"summary_large_image","twitter_misc":{"Est. reading time":"2 minutes"},"schema":{"@context":"https:\/\/schema.org","@graph":[{"@type":"WebPage","@id":"https:\/\/oak.clinic\/en\/mentions-legales\/","url":"https:\/\/oak.clinic\/en\/mentions-legales\/","name":"Mentions l\u00e9gales - oak clinic","isPartOf":{"@id":"https:\/\/oak.clinic\/#website"},"datePublished":"2023-02-01T14:07:37+00:00","dateModified":"2023-04-01T18:59:22+00:00","inLanguage":"en-US","potentialAction":[{"@type":"ReadAction","target":["https:\/\/oak.clinic\/en\/mentions-legales\/"]}]},{"@type":"WebSite","@id":"https:\/\/oak.clinic\/#website","url":"https:\/\/oak.clinic\/","name":"oak clinic","description":"","potentialAction":[{"@type":"SearchAction","target":{"@type":"EntryPoint","urlTemplate":"https:\/\/oak.clinic\/?s={search_term_string}"},"query-input":"required name=search_term_string"}],"inLanguage":"en-US"}]}},"_links":{"self":[{"href":"https:\/\/oak.clinic\/en\/wp-json\/wp\/v2\/pages\/436","targetHints":{"allow":["GET"]}}],"collection":[{"href":"https:\/\/oak.clinic\/en\/wp-json\/wp\/v2\/pages"}],"about":[{"href":"https:\/\/oak.clinic\/en\/wp-json\/wp\/v2\/types\/page"}],"author":[{"embeddable":true,"href":"https:\/\/oak.clinic\/en\/wp-json\/wp\/v2\/users\/1"}],"replies":[{"embeddable":true,"href":"https:\/\/oak.clinic\/en\/wp-json\/wp\/v2\/comments?post=436"}],"version-history":[{"count":4,"href":"https:\/\/oak.clinic\/en\/wp-json\/wp\/v2\/pages\/436\/revisions"}],"predecessor-version":[{"id":824,"href":"https:\/\/oak.clinic\/en\/wp-json\/wp\/v2\/pages\/436\/revisions\/824"}],"wp:attachment":[{"href":"https:\/\/oak.clinic\/en\/wp-json\/wp\/v2\/media?parent=436"}],"curies":[{"name":"wp","href":"https:\/\/api.w.org\/{rel}","templated":true}]}}