{"id":434,"date":"2023-02-01T14:08:50","date_gmt":"2023-02-01T14:08:50","guid":{"rendered":"https:\/\/oak.clinic\/entreprises\/"},"modified":"2024-12-04T16:04:12","modified_gmt":"2024-12-04T16:04:12","slug":"chiropracteur-qvt-entreprise-paris","status":"publish","type":"page","link":"https:\/\/oak.clinic\/en\/chiropracteur-qvt-entreprise-paris\/","title":{"rendered":"Companies"},"content":{"rendered":"","protected":false},"excerpt":{"rendered":"","protected":false},"author":1,"featured_media":0,"parent":0,"menu_order":10,"comment_status":"closed","ping_status":"closed","template":"pages\/companies.php","meta":{"footnotes":""},"class_list":["post-434","page","type-page","status-publish","hentry"],"acf":[],"yoast_head":"<!-- This site is optimized with the Yoast SEO plugin v20.4 - https:\/\/yoast.com\/wordpress\/plugins\/seo\/ -->\n<title>OAK Entreprises - QVT et Chiropraxie<\/title>\n<meta name=\"description\" content=\"Oak propose une gamme compl\u00e8te de th\u00e9rapies pour les entreprises, notamment en chiropraxie en entreprise. Ateliers, S\u00e9ances en entreprise et carnets QVT\" \/>\n<meta name=\"robots\" content=\"index, follow, max-snippet:-1, max-image-preview:large, max-video-preview:-1\" \/>\n<link rel=\"canonical\" href=\"https:\/\/oak.clinic\/en\/chiropracteur-qvt-entreprise-paris\/\" \/>\n<meta property=\"og:locale\" content=\"en_US\" \/>\n<meta property=\"og:type\" content=\"article\" \/>\n<meta property=\"og:title\" content=\"OAK Entreprises - QVT et Chiropraxie\" \/>\n<meta property=\"og:description\" content=\"Oak propose une gamme compl\u00e8te de th\u00e9rapies pour les entreprises, notamment en chiropraxie en entreprise. Ateliers, S\u00e9ances en entreprise et carnets QVT\" \/>\n<meta property=\"og:url\" content=\"https:\/\/oak.clinic\/en\/chiropracteur-qvt-entreprise-paris\/\" \/>\n<meta property=\"og:site_name\" content=\"oak clinic\" \/>\n<meta property=\"article:modified_time\" content=\"2024-12-04T16:04:12+00:00\" \/>\n<meta name=\"twitter:card\" content=\"summary_large_image\" \/>\n<script type=\"application\/ld+json\" class=\"yoast-schema-graph\">{\"@context\":\"https:\/\/schema.org\",\"@graph\":[{\"@type\":\"WebPage\",\"@id\":\"https:\/\/oak.clinic\/en\/chiropracteur-qvt-entreprise-paris\/\",\"url\":\"https:\/\/oak.clinic\/en\/chiropracteur-qvt-entreprise-paris\/\",\"name\":\"OAK Entreprises - QVT et Chiropraxie\",\"isPartOf\":{\"@id\":\"https:\/\/oak.clinic\/#website\"},\"datePublished\":\"2023-02-01T14:08:50+00:00\",\"dateModified\":\"2024-12-04T16:04:12+00:00\",\"description\":\"Oak propose une gamme compl\u00e8te de th\u00e9rapies pour les entreprises, notamment en chiropraxie en entreprise. Ateliers, S\u00e9ances en entreprise et carnets QVT\",\"inLanguage\":\"en-US\",\"potentialAction\":[{\"@type\":\"ReadAction\",\"target\":[\"https:\/\/oak.clinic\/en\/chiropracteur-qvt-entreprise-paris\/\"]}]},{\"@type\":\"WebSite\",\"@id\":\"https:\/\/oak.clinic\/#website\",\"url\":\"https:\/\/oak.clinic\/\",\"name\":\"oak clinic\",\"description\":\"\",\"potentialAction\":[{\"@type\":\"SearchAction\",\"target\":{\"@type\":\"EntryPoint\",\"urlTemplate\":\"https:\/\/oak.clinic\/?s={search_term_string}\"},\"query-input\":\"required name=search_term_string\"}],\"inLanguage\":\"en-US\"}]}<\/script>\n<!-- \/ Yoast SEO plugin. -->","yoast_head_json":{"title":"OAK Entreprises - QVT et Chiropraxie","description":"Oak propose une gamme compl\u00e8te de th\u00e9rapies pour les entreprises, notamment en chiropraxie en entreprise. Ateliers, S\u00e9ances en entreprise et carnets QVT","robots":{"index":"index","follow":"follow","max-snippet":"max-snippet:-1","max-image-preview":"max-image-preview:large","max-video-preview":"max-video-preview:-1"},"canonical":"https:\/\/oak.clinic\/en\/chiropracteur-qvt-entreprise-paris\/","og_locale":"en_US","og_type":"article","og_title":"OAK Entreprises - QVT et Chiropraxie","og_description":"Oak propose une gamme compl\u00e8te de th\u00e9rapies pour les entreprises, notamment en chiropraxie en entreprise. Ateliers, S\u00e9ances en entreprise et carnets QVT","og_url":"https:\/\/oak.clinic\/en\/chiropracteur-qvt-entreprise-paris\/","og_site_name":"oak clinic","article_modified_time":"2024-12-04T16:04:12+00:00","twitter_card":"summary_large_image","schema":{"@context":"https:\/\/schema.org","@graph":[{"@type":"WebPage","@id":"https:\/\/oak.clinic\/en\/chiropracteur-qvt-entreprise-paris\/","url":"https:\/\/oak.clinic\/en\/chiropracteur-qvt-entreprise-paris\/","name":"OAK Entreprises - QVT et Chiropraxie","isPartOf":{"@id":"https:\/\/oak.clinic\/#website"},"datePublished":"2023-02-01T14:08:50+00:00","dateModified":"2024-12-04T16:04:12+00:00","description":"Oak propose une gamme compl\u00e8te de th\u00e9rapies pour les entreprises, notamment en chiropraxie en entreprise. Ateliers, S\u00e9ances en entreprise et carnets QVT","inLanguage":"en-US","potentialAction":[{"@type":"ReadAction","target":["https:\/\/oak.clinic\/en\/chiropracteur-qvt-entreprise-paris\/"]}]},{"@type":"WebSite","@id":"https:\/\/oak.clinic\/#website","url":"https:\/\/oak.clinic\/","name":"oak clinic","description":"","potentialAction":[{"@type":"SearchAction","target":{"@type":"EntryPoint","urlTemplate":"https:\/\/oak.clinic\/?s={search_term_string}"},"query-input":"required name=search_term_string"}],"inLanguage":"en-US"}]}},"_links":{"self":[{"href":"https:\/\/oak.clinic\/en\/wp-json\/wp\/v2\/pages\/434","targetHints":{"allow":["GET"]}}],"collection":[{"href":"https:\/\/oak.clinic\/en\/wp-json\/wp\/v2\/pages"}],"about":[{"href":"https:\/\/oak.clinic\/en\/wp-json\/wp\/v2\/types\/page"}],"author":[{"embeddable":true,"href":"https:\/\/oak.clinic\/en\/wp-json\/wp\/v2\/users\/1"}],"replies":[{"embeddable":true,"href":"https:\/\/oak.clinic\/en\/wp-json\/wp\/v2\/comments?post=434"}],"version-history":[{"count":42,"href":"https:\/\/oak.clinic\/en\/wp-json\/wp\/v2\/pages\/434\/revisions"}],"predecessor-version":[{"id":2408,"href":"https:\/\/oak.clinic\/en\/wp-json\/wp\/v2\/pages\/434\/revisions\/2408"}],"wp:attachment":[{"href":"https:\/\/oak.clinic\/en\/wp-json\/wp\/v2\/media?parent=434"}],"curies":[{"name":"wp","href":"https:\/\/api.w.org\/{rel}","templated":true}]}}