{"id":433,"date":"2023-02-01T14:08:22","date_gmt":"2023-02-01T14:08:22","guid":{"rendered":"https:\/\/oak.clinic\/nos-therapeutes\/"},"modified":"2024-12-09T17:45:45","modified_gmt":"2024-12-09T17:45:45","slug":"nos-therapeutes-oak","status":"publish","type":"page","link":"https:\/\/oak.clinic\/en\/nos-therapeutes-oak\/","title":{"rendered":"Our Therapists"},"content":{"rendered":"","protected":false},"excerpt":{"rendered":"","protected":false},"author":1,"featured_media":0,"parent":0,"menu_order":8,"comment_status":"closed","ping_status":"closed","template":"pages\/therapists.php","meta":{"footnotes":""},"class_list":["post-433","page","type-page","status-publish","hentry"],"acf":[],"yoast_head":"<!-- This site is optimized with the Yoast SEO plugin v20.4 - https:\/\/yoast.com\/wordpress\/plugins\/seo\/ -->\n<title>Nos Th\u00e9rapeutes - Oak - Paris &amp; Casablanca<\/title>\n<meta name=\"description\" content=\"OAK : D\u00e9couvrez nos th\u00e9rapeutes. Interventions en entreprise ou au centre OAK pour un bien-\u00eatre sur mesure !\" \/>\n<meta name=\"robots\" content=\"index, follow, max-snippet:-1, max-image-preview:large, max-video-preview:-1\" \/>\n<link rel=\"canonical\" href=\"https:\/\/oak.clinic\/en\/nos-therapeutes-oak\/\" \/>\n<meta property=\"og:locale\" content=\"en_US\" \/>\n<meta property=\"og:type\" content=\"article\" \/>\n<meta property=\"og:title\" content=\"Nos Th\u00e9rapeutes - Oak - Paris &amp; Casablanca\" \/>\n<meta property=\"og:description\" content=\"OAK : D\u00e9couvrez nos th\u00e9rapeutes. Interventions en entreprise ou au centre OAK pour un bien-\u00eatre sur mesure !\" \/>\n<meta property=\"og:url\" content=\"https:\/\/oak.clinic\/en\/nos-therapeutes-oak\/\" \/>\n<meta property=\"og:site_name\" content=\"oak clinic\" \/>\n<meta property=\"article:modified_time\" content=\"2024-12-09T17:45:45+00:00\" \/>\n<meta name=\"twitter:card\" content=\"summary_large_image\" \/>\n<script type=\"application\/ld+json\" class=\"yoast-schema-graph\">{\"@context\":\"https:\/\/schema.org\",\"@graph\":[{\"@type\":\"WebPage\",\"@id\":\"https:\/\/oak.clinic\/en\/nos-therapeutes-oak\/\",\"url\":\"https:\/\/oak.clinic\/en\/nos-therapeutes-oak\/\",\"name\":\"Nos Th\u00e9rapeutes - Oak - Paris & Casablanca\",\"isPartOf\":{\"@id\":\"https:\/\/oak.clinic\/#website\"},\"datePublished\":\"2023-02-01T14:08:22+00:00\",\"dateModified\":\"2024-12-09T17:45:45+00:00\",\"description\":\"OAK : D\u00e9couvrez nos th\u00e9rapeutes. Interventions en entreprise ou au centre OAK pour un bien-\u00eatre sur mesure !\",\"inLanguage\":\"en-US\",\"potentialAction\":[{\"@type\":\"ReadAction\",\"target\":[\"https:\/\/oak.clinic\/en\/nos-therapeutes-oak\/\"]}]},{\"@type\":\"WebSite\",\"@id\":\"https:\/\/oak.clinic\/#website\",\"url\":\"https:\/\/oak.clinic\/\",\"name\":\"oak clinic\",\"description\":\"\",\"potentialAction\":[{\"@type\":\"SearchAction\",\"target\":{\"@type\":\"EntryPoint\",\"urlTemplate\":\"https:\/\/oak.clinic\/?s={search_term_string}\"},\"query-input\":\"required name=search_term_string\"}],\"inLanguage\":\"en-US\"}]}<\/script>\n<!-- \/ Yoast SEO plugin. -->","yoast_head_json":{"title":"Nos Th\u00e9rapeutes - Oak - Paris & Casablanca","description":"OAK : D\u00e9couvrez nos th\u00e9rapeutes. Interventions en entreprise ou au centre OAK pour un bien-\u00eatre sur mesure !","robots":{"index":"index","follow":"follow","max-snippet":"max-snippet:-1","max-image-preview":"max-image-preview:large","max-video-preview":"max-video-preview:-1"},"canonical":"https:\/\/oak.clinic\/en\/nos-therapeutes-oak\/","og_locale":"en_US","og_type":"article","og_title":"Nos Th\u00e9rapeutes - Oak - Paris & Casablanca","og_description":"OAK : D\u00e9couvrez nos th\u00e9rapeutes. Interventions en entreprise ou au centre OAK pour un bien-\u00eatre sur mesure !","og_url":"https:\/\/oak.clinic\/en\/nos-therapeutes-oak\/","og_site_name":"oak clinic","article_modified_time":"2024-12-09T17:45:45+00:00","twitter_card":"summary_large_image","schema":{"@context":"https:\/\/schema.org","@graph":[{"@type":"WebPage","@id":"https:\/\/oak.clinic\/en\/nos-therapeutes-oak\/","url":"https:\/\/oak.clinic\/en\/nos-therapeutes-oak\/","name":"Nos Th\u00e9rapeutes - Oak - Paris & Casablanca","isPartOf":{"@id":"https:\/\/oak.clinic\/#website"},"datePublished":"2023-02-01T14:08:22+00:00","dateModified":"2024-12-09T17:45:45+00:00","description":"OAK : D\u00e9couvrez nos th\u00e9rapeutes. Interventions en entreprise ou au centre OAK pour un bien-\u00eatre sur mesure !","inLanguage":"en-US","potentialAction":[{"@type":"ReadAction","target":["https:\/\/oak.clinic\/en\/nos-therapeutes-oak\/"]}]},{"@type":"WebSite","@id":"https:\/\/oak.clinic\/#website","url":"https:\/\/oak.clinic\/","name":"oak clinic","description":"","potentialAction":[{"@type":"SearchAction","target":{"@type":"EntryPoint","urlTemplate":"https:\/\/oak.clinic\/?s={search_term_string}"},"query-input":"required name=search_term_string"}],"inLanguage":"en-US"}]}},"_links":{"self":[{"href":"https:\/\/oak.clinic\/en\/wp-json\/wp\/v2\/pages\/433","targetHints":{"allow":["GET"]}}],"collection":[{"href":"https:\/\/oak.clinic\/en\/wp-json\/wp\/v2\/pages"}],"about":[{"href":"https:\/\/oak.clinic\/en\/wp-json\/wp\/v2\/types\/page"}],"author":[{"embeddable":true,"href":"https:\/\/oak.clinic\/en\/wp-json\/wp\/v2\/users\/1"}],"replies":[{"embeddable":true,"href":"https:\/\/oak.clinic\/en\/wp-json\/wp\/v2\/comments?post=433"}],"version-history":[{"count":7,"href":"https:\/\/oak.clinic\/en\/wp-json\/wp\/v2\/pages\/433\/revisions"}],"predecessor-version":[{"id":2505,"href":"https:\/\/oak.clinic\/en\/wp-json\/wp\/v2\/pages\/433\/revisions\/2505"}],"wp:attachment":[{"href":"https:\/\/oak.clinic\/en\/wp-json\/wp\/v2\/media?parent=433"}],"curies":[{"name":"wp","href":"https:\/\/api.w.org\/{rel}","templated":true}]}}