{"id":2364,"date":"2024-03-28T12:09:14","date_gmt":"2024-03-28T12:09:14","guid":{"rendered":"https:\/\/oak.clinic\/bureau-casablanca\/"},"modified":"2024-12-07T13:24:57","modified_gmt":"2024-12-07T13:24:57","slug":"bureau-casablanca","status":"publish","type":"page","link":"https:\/\/oak.clinic\/en\/bureau-casablanca\/","title":{"rendered":"Casablanca"},"content":{"rendered":"\n<p>D\u00e9couvrez un espace de location de cabinet m\u00e9dical \u00e0 Casablanca qui allie confort et professionnalisme, o\u00f9 chaque salle de consultation est pens\u00e9e pour inspirer confiance et bien-\u00eatre, tant pour les professionnels de la sant\u00e9 que pour leurs patients.<\/p>\n\n\n\n<p>Chez Oak, notre concept unique de location de local m\u00e9dical d\u00e9passe la simple offre de cabinets. Nous proposons des espaces de consultation \u00e0 louer dans un cadre de co-th\u00e9rapeuting param\u00e9dical, sp\u00e9cialement con\u00e7u pour \u00eatre un v\u00e9ritable cocon de bien-\u00eatre. Nos cabinets offrent aux professionnels de sant\u00e9 \u00e0 Casablanca un environnement parfaitement adapt\u00e9 pour d\u00e9livrer des soins de qualit\u00e9 dans des locaux modernes et accueillants.<\/p>\n\n\n\n<p>Chaque espace est enti\u00e8rement \u00e9quip\u00e9 pour faciliter votre pratique quotidienne, avec une grande flexibilit\u00e9 d\u2019horaires \u2013 que vous ayez besoin d\u2019un cabinet pour une heure, une demi-journ\u00e9e ou une journ\u00e9e enti\u00e8re. Nous nous adaptons \u00e0 vos besoins pour que votre travail se d\u00e9roule dans les meilleures conditions possibles.<\/p>\n\n\n\n<p>Casablanca, ville de rencontres entre modernit\u00e9 et tradition, est l\u2019emplacement id\u00e9al pour \u00e9panouir votre pratique m\u00e9dicale. Venez visiter notre espace et d\u00e9couvrez comment notre solution de location de cabinets m\u00e9dicaux peut transformer votre exp\u00e9rience professionnelle et celle de vos patients. Profitez de l\u2019opportunit\u00e9 d\u2019exercer dans des locaux qui incarnent bien-\u00eatre et efficacit\u00e9, pour une pratique enrichie au quotidien.<\/p>\n","protected":false},"excerpt":{"rendered":"<p>D\u00e9couvrez un espace de location de cabinet m\u00e9dical \u00e0 Casablanca qui allie confort et professionnalisme, o\u00f9 chaque salle de consultation est pens\u00e9e pour inspirer confiance et bien-\u00eatre, tant pour les professionnels de la sant\u00e9 que pour leurs patients. Chez Oak, notre concept unique de location de local m\u00e9dical d\u00e9passe la simple offre de cabinets. Nous [&hellip;]<\/p>\n","protected":false},"author":1,"featured_media":0,"parent":0,"menu_order":4,"comment_status":"closed","ping_status":"closed","template":"pages\/bureau-casablanca.php","meta":{"footnotes":""},"class_list":["post-2364","page","type-page","status-publish","hentry"],"acf":[],"yoast_head":"<!-- This site is optimized with the Yoast SEO plugin v20.4 - https:\/\/yoast.com\/wordpress\/plugins\/seo\/ -->\n<title>Location de salles consultation, cabinet et local m\u00e9dical \u00e0 Casablanca | Oak Clinic<\/title>\n<meta name=\"description\" content=\"Location cabinet param\u00e9dical, local m\u00e9dical, cabinet m\u00e9dical, salle de consultation dans le centre de Casablanca \u00e0 Casablanca \u00e0 mi-temps ou \u00e0 temps plein. Hire a paramedical practice, medical premises, doctor&#039;s surgery, consultation room in the centre of Casablanca in Casablanca on a part-time or full-time basis.\" \/>\n<meta name=\"robots\" content=\"index, follow, max-snippet:-1, max-image-preview:large, max-video-preview:-1\" \/>\n<link rel=\"canonical\" href=\"https:\/\/oak.clinic\/en\/bureau-casablanca\/\" \/>\n<meta property=\"og:locale\" content=\"en_US\" \/>\n<meta property=\"og:type\" content=\"article\" \/>\n<meta property=\"og:title\" content=\"Location de salles consultation, cabinet et local m\u00e9dical \u00e0 Casablanca | Oak Clinic\" \/>\n<meta property=\"og:description\" content=\"Location cabinet param\u00e9dical, local m\u00e9dical, cabinet m\u00e9dical, salle de consultation dans le centre de Casablanca \u00e0 Casablanca \u00e0 mi-temps ou \u00e0 temps plein. Hire a paramedical practice, medical premises, doctor&#039;s surgery, consultation room in the centre of Casablanca in Casablanca on a part-time or full-time basis.\" \/>\n<meta property=\"og:url\" content=\"https:\/\/oak.clinic\/en\/bureau-casablanca\/\" \/>\n<meta property=\"og:site_name\" content=\"oak clinic\" \/>\n<meta property=\"article:modified_time\" content=\"2024-12-07T13:24:57+00:00\" \/>\n<meta name=\"twitter:card\" content=\"summary_large_image\" \/>\n<meta name=\"twitter:label1\" content=\"Est. reading time\" \/>\n\t<meta name=\"twitter:data1\" content=\"2 minutes\" \/>\n<script type=\"application\/ld+json\" class=\"yoast-schema-graph\">{\"@context\":\"https:\/\/schema.org\",\"@graph\":[{\"@type\":\"WebPage\",\"@id\":\"https:\/\/oak.clinic\/en\/bureau-casablanca\/\",\"url\":\"https:\/\/oak.clinic\/en\/bureau-casablanca\/\",\"name\":\"Location de salles consultation, cabinet et local m\u00e9dical \u00e0 Casablanca | Oak Clinic\",\"isPartOf\":{\"@id\":\"https:\/\/oak.clinic\/#website\"},\"datePublished\":\"2024-03-28T12:09:14+00:00\",\"dateModified\":\"2024-12-07T13:24:57+00:00\",\"description\":\"Location cabinet param\u00e9dical, local m\u00e9dical, cabinet m\u00e9dical, salle de consultation dans le centre de Casablanca \u00e0 Casablanca \u00e0 mi-temps ou \u00e0 temps plein. Hire a paramedical practice, medical premises, doctor's surgery, consultation room in the centre of Casablanca in Casablanca on a part-time or full-time basis.\",\"inLanguage\":\"en-US\",\"potentialAction\":[{\"@type\":\"ReadAction\",\"target\":[\"https:\/\/oak.clinic\/en\/bureau-casablanca\/\"]}]},{\"@type\":\"WebSite\",\"@id\":\"https:\/\/oak.clinic\/#website\",\"url\":\"https:\/\/oak.clinic\/\",\"name\":\"oak clinic\",\"description\":\"\",\"potentialAction\":[{\"@type\":\"SearchAction\",\"target\":{\"@type\":\"EntryPoint\",\"urlTemplate\":\"https:\/\/oak.clinic\/?s={search_term_string}\"},\"query-input\":\"required name=search_term_string\"}],\"inLanguage\":\"en-US\"}]}<\/script>\n<!-- \/ Yoast SEO plugin. -->","yoast_head_json":{"title":"Location de salles consultation, cabinet et local m\u00e9dical \u00e0 Casablanca | Oak Clinic","description":"Location cabinet param\u00e9dical, local m\u00e9dical, cabinet m\u00e9dical, salle de consultation dans le centre de Casablanca \u00e0 Casablanca \u00e0 mi-temps ou \u00e0 temps plein. Hire a paramedical practice, medical premises, doctor's surgery, consultation room in the centre of Casablanca in Casablanca on a part-time or full-time basis.","robots":{"index":"index","follow":"follow","max-snippet":"max-snippet:-1","max-image-preview":"max-image-preview:large","max-video-preview":"max-video-preview:-1"},"canonical":"https:\/\/oak.clinic\/en\/bureau-casablanca\/","og_locale":"en_US","og_type":"article","og_title":"Location de salles consultation, cabinet et local m\u00e9dical \u00e0 Casablanca | Oak Clinic","og_description":"Location cabinet param\u00e9dical, local m\u00e9dical, cabinet m\u00e9dical, salle de consultation dans le centre de Casablanca \u00e0 Casablanca \u00e0 mi-temps ou \u00e0 temps plein. Hire a paramedical practice, medical premises, doctor's surgery, consultation room in the centre of Casablanca in Casablanca on a part-time or full-time basis.","og_url":"https:\/\/oak.clinic\/en\/bureau-casablanca\/","og_site_name":"oak clinic","article_modified_time":"2024-12-07T13:24:57+00:00","twitter_card":"summary_large_image","twitter_misc":{"Est. reading time":"2 minutes"},"schema":{"@context":"https:\/\/schema.org","@graph":[{"@type":"WebPage","@id":"https:\/\/oak.clinic\/en\/bureau-casablanca\/","url":"https:\/\/oak.clinic\/en\/bureau-casablanca\/","name":"Location de salles consultation, cabinet et local m\u00e9dical \u00e0 Casablanca | Oak Clinic","isPartOf":{"@id":"https:\/\/oak.clinic\/#website"},"datePublished":"2024-03-28T12:09:14+00:00","dateModified":"2024-12-07T13:24:57+00:00","description":"Location cabinet param\u00e9dical, local m\u00e9dical, cabinet m\u00e9dical, salle de consultation dans le centre de Casablanca \u00e0 Casablanca \u00e0 mi-temps ou \u00e0 temps plein. Hire a paramedical practice, medical premises, doctor's surgery, consultation room in the centre of Casablanca in Casablanca on a part-time or full-time basis.","inLanguage":"en-US","potentialAction":[{"@type":"ReadAction","target":["https:\/\/oak.clinic\/en\/bureau-casablanca\/"]}]},{"@type":"WebSite","@id":"https:\/\/oak.clinic\/#website","url":"https:\/\/oak.clinic\/","name":"oak clinic","description":"","potentialAction":[{"@type":"SearchAction","target":{"@type":"EntryPoint","urlTemplate":"https:\/\/oak.clinic\/?s={search_term_string}"},"query-input":"required name=search_term_string"}],"inLanguage":"en-US"}]}},"_links":{"self":[{"href":"https:\/\/oak.clinic\/en\/wp-json\/wp\/v2\/pages\/2364","targetHints":{"allow":["GET"]}}],"collection":[{"href":"https:\/\/oak.clinic\/en\/wp-json\/wp\/v2\/pages"}],"about":[{"href":"https:\/\/oak.clinic\/en\/wp-json\/wp\/v2\/types\/page"}],"author":[{"embeddable":true,"href":"https:\/\/oak.clinic\/en\/wp-json\/wp\/v2\/users\/1"}],"replies":[{"embeddable":true,"href":"https:\/\/oak.clinic\/en\/wp-json\/wp\/v2\/comments?post=2364"}],"version-history":[{"count":1,"href":"https:\/\/oak.clinic\/en\/wp-json\/wp\/v2\/pages\/2364\/revisions"}],"predecessor-version":[{"id":2456,"href":"https:\/\/oak.clinic\/en\/wp-json\/wp\/v2\/pages\/2364\/revisions\/2456"}],"wp:attachment":[{"href":"https:\/\/oak.clinic\/en\/wp-json\/wp\/v2\/media?parent=2364"}],"curies":[{"name":"wp","href":"https:\/\/api.w.org\/{rel}","templated":true}]}}